{"id":9045,"date":"2024-06-14T16:57:36","date_gmt":"2024-06-14T14:57:36","guid":{"rendered":"https:\/\/www.vex-solutions.com\/privacy-statement-eu\/"},"modified":"2024-06-14T16:57:36","modified_gmt":"2024-06-14T14:57:36","slug":"privacy-statement-eu","status":"publish","type":"page","link":"https:\/\/www.vex-solutions.com\/pl\/privacy-statement-eu\/","title":{"rendered":"Polityka prywatno\u015bci (UE)"},"content":{"rendered":"<!-- Legal document generated by Complianz | GDPR\/CCPA Cookie Consent https:\/\/wordpress.org\/plugins\/complianz-gdpr -->\n<div id=\"cmplz-document\" class=\"cmplz-document privacy-statement cmplz-document-eu\"><p><i>Niniejsze powiadomienie o ochronie prywatno\u015bci dost\u0119pne najp\u00f3\u017aniej w dniu 21.10.2025 r. i dotyczy wy\u0142\u0105cznie legalnych mieszka\u0144c\u00f3w rezydent\u00f3w europejskich, obszaru gospodarczego i szwajcarskiego.<\/i><br \/><br \/><\/p><p><p>W tym o\u015bwiadczeniu o ochronie prywatno\u015bci ujawnili\u015bmy, co robimy z danymi \u017ar\u00f3d\u0142owymi, kt\u00f3re udost\u0119pniamy za po\u015brednictwem Internetu <a href=\"https:\/\/www.vex-solutions.com\/pl\">https:\/\/www.vex-solutions.com\/pl<\/a>. Zalecamy uwa\u017cne zapoznanie si\u0119 z tym sprz\u0119tem. Przetwarzaj\u0105c dane, przestrzegamy przepis\u00f3w dotycz\u0105cych prywatno\u015bci. do mi\u0119dzy innymi, \u017ce:<\/p><ul>\n                <li>jasno okre\u015blamy cele, dla kt\u00f3rych przetwarzamy dane osobowe. Robimy to za pomoc\u0105 urz\u0105dzenia o ochronie prywatno\u015bci;<\/li>\n                <li>nast\u0119pujemy do ograniczenia przez nas danych osobowych tylko do tych danych, kt\u00f3re s\u0105 niezb\u0119dne do uzasadnionych cel\u00f3w;<\/li>\n                <li>w pierwszej kolejno\u015bci za\u017c\u0105da\u0107 o wyra\u017an\u0105 zgod\u0119 na wydanie danych osobowych w wyniku wyra\u017cenia zgody;<\/li>\n                <li>Informacje o dost\u0119pie publicznym, aby chroni\u0107 twoje dane osobowe, a tak\u017ce wymagania tego od stron, kt\u00f3re s\u0105 przetwarzane przez dane osobowe w naszym administratorze;<\/li>\n                <li>szanujemy twoje prawo dost\u0119pu do twoich danych osobowych, ich poprawianie lub usuwanie na twoje u\u017cycie.<\/li>\n            <\/ul><p>Je\u015bli masz jakie\u015b pytania lub chcesz dok\u0142adnie wiedzie\u0107, jakie dane na tw\u00f3j temat przechowujemy, nale\u017cy si\u0119 z nami.<\/p><\/p><h2>1. Cel, dane i okres przechowywania<\/h2>gromadzenie lub udost\u0119pnianie danych osobowych w wielu po\u0142\u0105czeniach z nasz\u0105 dzia\u0142alno\u015bci\u0105 biznesow\u0105, kt\u00f3re mog\u0105 zosta\u0107 udost\u0119pnione: (kliknij, aby udost\u0119pni\u0107)<details class=\"cmplz-dropdown dropdown-privacy-statement\"><summary><div><h3>1.1 Kontakt \u2013 przez telefon, poczt\u0119, e-mail i\/lub formularze<\/h3><\/div><\/summary><p class=\"cmplz-subtitle\">W tym celu wykorzystujemy nast\u0119puj\u0105ce dane:<\/p><p><ul><li>Imi\u0119 i nazwisko<\/li><li>Adres e-mail<\/li><li>Numer telefonu<\/li><\/ul><\/p><p class=\"cmplz-subtitle\">Podstaw\u0105, kt\u00f3rej mo\u017cna u\u017cywa\u0107 te dane, jest:<\/p><p><a target=\"_blank\" rel=\"noopener noreferrer nofollow\" href=\"https:\/\/cookiedatabase.org\/legal-bases\/#consent\">Za sukcesem.<\/a><\/p><p class=\"cmplz-subtitle\">Okres trzymania<\/p><p>Przechowujemy te dane po udost\u0119pnieniu us\u0142ug przez nast\u0119puj\u0105ce miesi\u0105ce: 60<\/p><\/details><details class=\"cmplz-dropdown dropdown-privacy-statement\"><summary><div><h3>1.2 Biuletyny informacyjne<\/h3><\/div><\/summary><p class=\"cmplz-subtitle\">W tym celu wykorzystujemy nast\u0119puj\u0105ce dane:<\/p><p><ul><li>Imi\u0119 i nazwisko<\/li><li>Adres e-mail<\/li><li>Numer telefonu<\/li><\/ul><\/p><p class=\"cmplz-subtitle\">Podstaw\u0105, kt\u00f3rej mo\u017cna u\u017cywa\u0107 te dane, jest:<\/p><p><a target=\"_blank\" rel=\"noopener noreferrer nofollow\" href=\"https:\/\/cookiedatabase.org\/legal-bases\/#consent\">Za sukcesem.<\/a><\/p><p class=\"cmplz-subtitle\">Okres trzymania<\/p><p>Przechowujemy te dane po udost\u0119pnieniu us\u0142ug przez nast\u0119puj\u0105ce miesi\u0105ce: 60<\/p><\/details><h2>2. Pliki cookie<\/h2><p>Nasza witryna wykorzystuje pliki cookies. Aby uzyska\u0107 wi\u0119cej informacji na temat plik\u00f3w cookie, zapoznaj si\u0119 z nasz\u0105 <a href=\"https:\/\/www.vex-solutions.com\/pl\/cookie-policy-eu\/\">Polityka plik\u00f3w cookie<\/a>.&nbsp;<\/p><h2>3. Praktyki ujawniania informacji<\/h2><p><p>Udost\u0119pnione dane osobowe, jeste\u015bmy zobowi\u0105zani do podj\u0119cia orzeczenia, w odpowiedzi na wezwanie organu \u015bcigania, w zakresie dotycz\u0105cym innych przepis\u00f3w prawa, w celu om\u00f3wienia informacji lub w celu om\u00f3wienia post\u0119powania wyja\u015bniaj\u0105cego w sprawie naruszenia prawa publicznego.<\/p><p>Je\u015bli nasza strona internetowa lub organizacja zostanie przej\u0119ta, sprzedana lub zaanga\u017cowana w fuzj\u0119 lub przej\u0119cie, Twoje dane mog\u0105 zosta\u0107 ujawnione naszemu doradcom i potencjalnym nabywcom oraz skorzysta\u0107 z nowego w\u0142a\u015bciciela.<\/p><\/p><p>Zawarli\u015bmy z Google korzystanie z przetwarzania danych.<\/p><p>W usuni\u0119ciu pe\u0142nych adres\u00f3w IP jest przez nas blokowane.<\/p><h2>4. Bezpiecze\u0144stwo<\/h2><p>Dbamy o bezpiecze\u0144stwo danych osobowych. Podejmujemy no\u015bniki bezpiecze\u0144stwa, aby wy\u015bwietli\u0107 nadu\u017cycia i nieuprawniony dost\u0119p do danych osobowych. Gwarantuje, \u017ce tylko niezb\u0119dne osoby maj\u0105 dost\u0119p do danych, dost\u0119p do danych jest dost\u0119pny, a nasze dane bezpiecze\u0144stwa s\u0105 regularnie sprawdzane.<\/p><h2>5. Witryny podmiot zewn\u0119trzny<\/h2><p>Niniejsze powiadomienie o ochronie prywatno\u015bci nie ma aplikacji do stron internetowych, kt\u00f3re s\u0105 udost\u0119pniane z linkami na naszej stronie internetowej. Nie mo\u017cna uzyska\u0107 dost\u0119pu, \u017ce te strony zewn\u0119trzne s\u0105 przetwarzane przez twoje dane osobowe w spos\u00f3b dost\u0119pny lub bezpieczny. Zalecane zapoznanie si\u0119 z urz\u0105dzeniami do ochrony prywatno\u015bci tych witryn przed u\u017cyciem z nich.<\/p><h2>6. Zmiany wprowadzone o ochronie prywatno\u015bci<\/h2><p>Zastrzegamy sobie prawo do stosowania zmian w o\u015bwiadczeniu o ochronie prywatno\u015bci. Wymagane jest sprawdzanie zgodno\u015bci z przepisami o ochronie prywatno\u015bci, aby by\u0107 \u015bwiadomym zmian. B\u0119dziemy aktywnie informowa\u0107, gdy tylko b\u0119dzie to mo\u017cliwe.<\/p><h2>7. Dost\u0119pno\u015b\u0107 i modyfikowanie danych<\/h2><p>Je\u015bli masz pytania lub chcesz wiedzie\u0107, jakie dane osobowe znajduj\u0105 si\u0119 na twoim temacie, otrzymasz z nami. Mo\u017cesz skontaktowa\u0107 si\u0119 z nami, poda\u0107 z informacjami. Przys\u0142uguj\u0105 Ci szczeg\u00f3\u0142owe prawa:<\/p><ul>\n                <li>Masz prawo wiedzie\u0107, dlaczego s\u0105 potrzebne twoje dane osobowe, co si\u0119 z nimi stanie i jak d\u0142ugo b\u0119dziesz u\u017cywany.<\/li>\n                <li>Prawo dost\u0119pu: Masz prawo dost\u0119pu do swoich danych osobowych, kt\u00f3re s\u0105 nam znane.<\/li>\n                <li>Prawo do sprostowania: masz prawo do uzupe\u0142nienia, poprawy, usuni\u0119cia lub blokowania swoich danych osobowych w momencie pojawienia si\u0119.<\/li>\n                <li>Je\u015bli wyrazisz zgod\u0119 na przetwarzanie danych osobowych, mo\u017cesz uzyska\u0107 prawo do cofni\u0119cia tej zgody i usuni\u0119cia danych osobowych.<\/li>\n                <li>Prawo do przenoszenia danych: masz prawo do wszystkich danych osobowych od administratora i obejmuje je w ca\u0142o\u015bci do innego administratora.<\/li>\n                <li>Prawo do sprzeciwu: mo\u017cna sprzeciwi\u0107 si\u0119 przetwarzaniu danych. Przestrzegamy tego, chyba \u017ce podstawa podstaw do leczenia.<\/li>\n            <\/ul><p>Powstaje, \u017ce zawsze jasno okre\u015blonysz, kim jeste\u015b, aby\u015bmy mieli miejsce, \u017ce nie zmodyfikowali\u015bmy ani nie usuwamy \u017cadnych danych, kt\u00f3re pochodz\u0105 od osoby.<\/p><h2>8. Z\u0142o\u017cy\u0107 skarg\u0119<\/h2><p>Je\u015bli nie jeste\u015b skutkiem tego sposobu, w jaki spos\u00f3b obs\u0142ugujemy dane osobowe (skarga dotycz\u0105ce), istnieje prawo do wniesienia skutk\u00f3w do Urz\u0119du Ochrony Danych.<\/p><h2>9. Inspektor ochrony danych<\/h2><p>Nasz Inspektor Ochrony Danych zosta\u0142 zarejestrowany w organie ochrony danych w pa\u0144stwie cz\u0142onkowskim UE. W przypadku pyta\u0144 lub pr\u00f3\u015bb dotycz\u0105cych niniejszej polityki prywatno\u015bci lub Inspektora Ochrony Danych, prosimy o kontakt z Julienem Bergiersem pod adresem e-mail: jbergiers@j2-studio.com<\/p><h2>10. Dane kontaktowe<\/h2><p>Studio JSquare<br \/>\n        Ulica Haute 44A<br \/>\n1435 Mont-Saint-Guibert<br \/>\nBelgia<br \/>\n<br \/>\n        Belgia<br \/>\n        Witryna:  <a href=\"https:\/\/www.vex-solutions.com\/pl\">https:\/\/www.vex-solutions.com\/pl<\/a> <br \/>\n        Email: s&#097;le&#115;&#064;&#118;&#101;x-&#115;oluti&#111;ns.&#099;&#111;&#109; <br \/>\n        <\/p><\/div>","protected":false},"excerpt":{"rendered":"","protected":false},"author":7,"featured_media":0,"parent":0,"menu_order":0,"comment_status":"closed","ping_status":"closed","template":"","meta":{"footnotes":""},"aioseo_notices":[],"_links":{"self":[{"href":"https:\/\/www.vex-solutions.com\/pl\/wp-json\/wp\/v2\/pages\/9045"}],"collection":[{"href":"https:\/\/www.vex-solutions.com\/pl\/wp-json\/wp\/v2\/pages"}],"about":[{"href":"https:\/\/www.vex-solutions.com\/pl\/wp-json\/wp\/v2\/types\/page"}],"author":[{"embeddable":true,"href":"https:\/\/www.vex-solutions.com\/pl\/wp-json\/wp\/v2\/users\/7"}],"replies":[{"embeddable":true,"href":"https:\/\/www.vex-solutions.com\/pl\/wp-json\/wp\/v2\/comments?post=9045"}],"version-history":[{"count":0,"href":"https:\/\/www.vex-solutions.com\/pl\/wp-json\/wp\/v2\/pages\/9045\/revisions"}],"wp:attachment":[{"href":"https:\/\/www.vex-solutions.com\/pl\/wp-json\/wp\/v2\/media?parent=9045"}],"curies":[{"name":"wp","href":"https:\/\/api.w.org\/{rel}","templated":true}]}}